{"id":5424,"date":"2025-11-27T10:35:17","date_gmt":"2025-11-27T10:35:17","guid":{"rendered":"https:\/\/legadogastrobar.es\/?page_id=5424"},"modified":"2025-11-27T11:40:22","modified_gmt":"2025-11-27T11:40:22","slug":"politica-de-cookies","status":"publish","type":"page","link":"https:\/\/legadogastrobar.es\/?page_id=5424","title":{"rendered":"Pol\u00edtica de Cookies"},"content":{"rendered":"\t\t<div data-elementor-type=\"wp-page\" data-elementor-id=\"5424\" class=\"elementor elementor-5424\">\n\t\t\t\t\t\t<section class=\"elementor-section elementor-top-section elementor-element elementor-element-5b4333b2 elementor-section-content-middle elementor-section-boxed elementor-section-height-default elementor-section-height-default\" data-id=\"5b4333b2\" data-element_type=\"section\" data-e-type=\"section\" data-settings=\"{&quot;background_background&quot;:&quot;slideshow&quot;,&quot;background_slideshow_gallery&quot;:[{&quot;id&quot;:4645,&quot;url&quot;:&quot;https:\\\/\\\/legadogastrobar.es\\\/wp-content\\\/uploads\\\/2025\\\/08\\\/PATRON-VERDE-RGB_1-scaled.png&quot;}],&quot;shape_divider_top&quot;:&quot;opacity-fan&quot;,&quot;shape_divider_bottom&quot;:&quot;opacity-fan&quot;,&quot;background_slideshow_loop&quot;:&quot;yes&quot;,&quot;background_slideshow_slide_duration&quot;:5000,&quot;background_slideshow_slide_transition&quot;:&quot;fade&quot;,&quot;background_slideshow_transition_duration&quot;:500}\">\n\t\t\t\t\t<div class=\"elementor-shape elementor-shape-top\" aria-hidden=\"true\" data-negative=\"false\">\n\t\t\t<svg xmlns=\"http:\/\/www.w3.org\/2000\/svg\" viewBox=\"0 0 283.5 19.6\" preserveAspectRatio=\"none\">\n\t<path class=\"elementor-shape-fill\" style=\"opacity:0.33\" d=\"M0 0L0 18.8 141.8 4.1 283.5 18.8 283.5 0z\"\/>\n\t<path class=\"elementor-shape-fill\" style=\"opacity:0.33\" d=\"M0 0L0 12.6 141.8 4 283.5 12.6 283.5 0z\"\/>\n\t<path class=\"elementor-shape-fill\" style=\"opacity:0.33\" d=\"M0 0L0 6.4 141.8 4 283.5 6.4 283.5 0z\"\/>\n\t<path class=\"elementor-shape-fill\" d=\"M0 0L0 1.2 141.8 4 283.5 1.2 283.5 0z\"\/>\n<\/svg>\t\t<\/div>\n\t\t\t\t<div class=\"elementor-shape elementor-shape-bottom\" aria-hidden=\"true\" data-negative=\"false\">\n\t\t\t<svg xmlns=\"http:\/\/www.w3.org\/2000\/svg\" viewBox=\"0 0 283.5 19.6\" preserveAspectRatio=\"none\">\n\t<path class=\"elementor-shape-fill\" style=\"opacity:0.33\" d=\"M0 0L0 18.8 141.8 4.1 283.5 18.8 283.5 0z\"\/>\n\t<path class=\"elementor-shape-fill\" style=\"opacity:0.33\" d=\"M0 0L0 12.6 141.8 4 283.5 12.6 283.5 0z\"\/>\n\t<path class=\"elementor-shape-fill\" style=\"opacity:0.33\" d=\"M0 0L0 6.4 141.8 4 283.5 6.4 283.5 0z\"\/>\n\t<path class=\"elementor-shape-fill\" d=\"M0 0L0 1.2 141.8 4 283.5 1.2 283.5 0z\"\/>\n<\/svg>\t\t<\/div>\n\t\t\t\t\t<div class=\"elementor-container elementor-column-gap-default\">\n\t\t\t\t\t<div class=\"elementor-column elementor-col-100 elementor-top-column elementor-element elementor-element-41324d3f\" data-id=\"41324d3f\" data-element_type=\"column\" data-e-type=\"column\">\n\t\t\t<div class=\"elementor-widget-wrap elementor-element-populated\">\n\t\t\t\t\t\t<div class=\"elementor-element elementor-element-4a6bfd8b elementor-widget-divider--view-line elementor-widget elementor-widget-divider\" data-id=\"4a6bfd8b\" data-element_type=\"widget\" data-e-type=\"widget\" data-widget_type=\"divider.default\">\n\t\t\t\t\t\t\t<div class=\"elementor-divider\">\n\t\t\t<span class=\"elementor-divider-separator\">\n\t\t\t\t\t\t<\/span>\n\t\t<\/div>\n\t\t\t\t\t\t<\/div>\n\t\t\t\t<div class=\"elementor-element elementor-element-3e0f559 elementor-widget elementor-widget-heading\" data-id=\"3e0f559\" data-element_type=\"widget\" data-e-type=\"widget\" data-widget_type=\"heading.default\">\n\t\t\t\t\t<h1 class=\"elementor-heading-title elementor-size-default\">POL\u00cdTICA DE COOKIES<\/h1>\t\t\t\t<\/div>\n\t\t\t\t\t<\/div>\n\t\t<\/div>\n\t\t\t\t\t<\/div>\n\t\t<\/section>\n\t\t<div class=\"elementor-element elementor-element-01e6d38 e-flex e-con-boxed e-con e-parent\" data-id=\"01e6d38\" data-element_type=\"container\" data-e-type=\"container\">\n\t\t\t\t\t<div class=\"e-con-inner\">\n\t\t<div class=\"elementor-element elementor-element-0d2bebc e-con-full e-flex e-con e-child\" data-id=\"0d2bebc\" data-element_type=\"container\" data-e-type=\"container\">\n\t\t\t\t<div class=\"elementor-element elementor-element-49ec76a elementor-widget elementor-widget-heading\" data-id=\"49ec76a\" data-element_type=\"widget\" data-e-type=\"widget\" data-widget_type=\"heading.default\">\n\t\t\t\t\t<h2 class=\"elementor-heading-title elementor-size-default\"><p data-start=\"2370\" data-end=\"2664\">Este sitio web utiliza cookies y tecnolog\u00edas similares que almacenan y recuperan informaci\u00f3n cuando navegas. En general, estas tecnolog\u00edas pueden servir para reconocerte como usuario, obtener informaci\u00f3n sobre tus h\u00e1bitos de navegaci\u00f3n o personalizar la forma en la que se muestra el contenido.<\/p>\n<h3 data-start=\"2669\" data-end=\"2718\">\u00bfQui\u00e9n utiliza la informaci\u00f3n de las cookies?<\/h3>\n<p data-start=\"2721\" data-end=\"2862\"><strong data-start=\"2721\" data-end=\"2737\">Responsable:<\/strong> AJGASTROVAL S.L.<br data-start=\"2754\" data-end=\"2757\">\n<strong data-start=\"2759\" data-end=\"2767\">NIF:<\/strong> B-22761225<br data-start=\"2778\" data-end=\"2781\">\n<strong data-start=\"2783\" data-end=\"2797\">Direcci\u00f3n:<\/strong> PLAZA DE LES TRETZE ROSES, 5 - ESC 1 - Puerta 43; 46014 Valencia<\/p>\n<h3 data-start=\"2867\" data-end=\"2901\">\u00bfQu\u00e9 tipos de cookies existen?<\/h3>\n<ul data-start=\"2904\" data-end=\"3377\">\n<li data-start=\"2904\" data-end=\"2976\">\n<p data-start=\"2906\" data-end=\"2976\"><strong data-start=\"2906\" data-end=\"2927\">Cookies t\u00e9cnicas:<\/strong> necesarias para el funcionamiento del sitio web.<\/p>\n<\/li>\n<li data-start=\"2979\" data-end=\"3080\">\n<p data-start=\"2981\" data-end=\"3080\"><strong data-start=\"2981\" data-end=\"3012\">Cookies de personalizaci\u00f3n:<\/strong> permiten especificar caracter\u00edsticas generales (idioma, regi\u00f3n...).<\/p>\n<\/li>\n<li data-start=\"3083\" data-end=\"3166\">\n<p data-start=\"3085\" data-end=\"3166\"><strong data-start=\"3085\" data-end=\"3109\">Cookies de an\u00e1lisis:<\/strong> permiten el an\u00e1lisis del comportamiento de los usuarios.<\/p>\n<\/li>\n<li data-start=\"3169\" data-end=\"3235\">\n<p data-start=\"3171\" data-end=\"3235\"><strong data-start=\"3171\" data-end=\"3197\">Cookies publicitarias:<\/strong> gestionan los espacios publicitarios.<\/p>\n<\/li>\n<li data-start=\"3238\" data-end=\"3375\">\n<p data-start=\"3240\" data-end=\"3375\"><strong data-start=\"3240\" data-end=\"3281\">Cookies de publicidad comportamental:<\/strong> muestran publicidad basada en tus h\u00e1bitos de navegaci\u00f3n<\/p><p><br><\/p>\n<\/li>\n<\/ul>\n<h3 data-start=\"3380\" data-end=\"3420\">\u00bfQu\u00e9 cookies utiliza este sitio web?<\/h3>\n<p data-start=\"3423\" data-end=\"3567\">(Indica aqu\u00ed una tabla si usas cookies concretas: nombre, tipo, duraci\u00f3n, finalidad, proveedor. Ejemplo: Google Analytics, Facebook Pixel, etc.)<\/p>\n<h3 data-start=\"3572\" data-end=\"3611\">\u00bfC\u00f3mo puedes gestionar las cookies?<\/h3><br>\n<p data-start=\"3614\" data-end=\"3806\">Puedes permitir, bloquear o eliminar las cookies mediante la configuraci\u00f3n de tu navegador. A continuaci\u00f3n, se indican los enlaces a las instrucciones oficiales de los principales navegadores:<\/p>\n<ul data-start=\"3811\" data-end=\"4364\">\n<li data-start=\"3811\" data-end=\"3930\">\n<p data-start=\"3813\" data-end=\"3930\"><a data-start=\"3813\" data-end=\"3928\" rel=\"noopener\" target=\"_new\" href=\"https:\/\/support.microsoft.com\/es-es\/help\/17442\/windows-internet-explorer-delete-manage-cookies\">Internet Explorer<span aria-hidden=\"true\"><\/span><\/a><\/p>\n<\/li>\n<li data-start=\"3933\" data-end=\"4129\">\n<p data-start=\"3935\" data-end=\"4129\"><a data-start=\"3935\" data-end=\"4127\" rel=\"noopener\" target=\"_new\" href=\"https:\/\/support.mozilla.org\/es\/kb\/habilitar-y-deshabilitar-cookies-sitios-web-rastrear-preferencias?redirectlocale=es&amp;redirectslug=habilitar-y-deshabilitar-cookies-que-los-sitios-we\">Firefox<span aria-hidden=\"true\"><\/span><\/a><\/p>\n<\/li>\n<li data-start=\"4132\" data-end=\"4211\">\n<p data-start=\"4134\" data-end=\"4211\"><a data-start=\"4134\" data-end=\"4209\" rel=\"noopener\" target=\"_new\">Chrome<span aria-hidden=\"true\"><\/span><\/a><\/p>\n<\/li>\n<li data-start=\"4214\" data-end=\"4294\">\n<p data-start=\"4216\" data-end=\"4294\"><a data-start=\"4216\" data-end=\"4292\" rel=\"noopener\" target=\"_new\" href=\"https:\/\/support.apple.com\/kb\/PH19214?viewlocale=es_ES&amp;locale=es_ES\">Safari<span aria-hidden=\"true\"><\/span><\/a><\/p>\n<\/li>\n<li data-start=\"4297\" data-end=\"4362\">\n<p data-start=\"4299\" data-end=\"4362\"><a data-start=\"4299\" data-end=\"4362\" rel=\"noopener\" target=\"_new\" href=\"http:\/\/help.opera.com\/Windows\/11.50\/es-ES\/cookies.html\">Opera<span aria-hidden=\"true\"><\/span><\/a><\/p>\n<\/li>\n<\/ul>\n<p data-start=\"4367\" data-end=\"4504\">Te recomendamos consultar esta pol\u00edtica de cookies de forma peri\u00f3dica, ya que puede ser actualizada.<\/p><\/h2>\t\t\t\t<\/div>\n\t\t\t\t<\/div>\n\t\t\t\t\t<\/div>\n\t\t\t\t<\/div>\n\t\t\t\t<\/div>\n\t\t","protected":false},"excerpt":{"rendered":"<p>POL\u00cdTICA DE COOKIES Este sitio web utiliza cookies y tecnolog\u00edas similares que almacenan y recuperan informaci\u00f3n cuando navegas. En general, estas tecnolog\u00edas pueden servir para reconocerte como usuario, obtener informaci\u00f3n sobre tus h\u00e1bitos de navegaci\u00f3n o personalizar la forma en la que se muestra el contenido. \u00bfQui\u00e9n utiliza la informaci\u00f3n de las cookies? Responsable: AJGASTROVAL S.L. NIF: B-22761225 Direcci\u00f3n: PLAZA&#8230;<\/p>\n","protected":false},"author":1,"featured_media":0,"parent":0,"menu_order":0,"comment_status":"closed","ping_status":"closed","template":"elementor_header_footer","meta":{"_monsterinsights_skip_tracking":false,"_monsterinsights_sitenote_active":false,"_monsterinsights_sitenote_note":"","_monsterinsights_sitenote_category":0,"footnotes":""},"class_list":["post-5424","page","type-page","status-publish","hentry"],"aioseo_notices":[],"_links":{"self":[{"href":"https:\/\/legadogastrobar.es\/index.php?rest_route=\/wp\/v2\/pages\/5424","targetHints":{"allow":["GET"]}}],"collection":[{"href":"https:\/\/legadogastrobar.es\/index.php?rest_route=\/wp\/v2\/pages"}],"about":[{"href":"https:\/\/legadogastrobar.es\/index.php?rest_route=\/wp\/v2\/types\/page"}],"author":[{"embeddable":true,"href":"https:\/\/legadogastrobar.es\/index.php?rest_route=\/wp\/v2\/users\/1"}],"replies":[{"embeddable":true,"href":"https:\/\/legadogastrobar.es\/index.php?rest_route=%2Fwp%2Fv2%2Fcomments&post=5424"}],"version-history":[{"count":10,"href":"https:\/\/legadogastrobar.es\/index.php?rest_route=\/wp\/v2\/pages\/5424\/revisions"}],"predecessor-version":[{"id":5444,"href":"https:\/\/legadogastrobar.es\/index.php?rest_route=\/wp\/v2\/pages\/5424\/revisions\/5444"}],"wp:attachment":[{"href":"https:\/\/legadogastrobar.es\/index.php?rest_route=%2Fwp%2Fv2%2Fmedia&parent=5424"}],"curies":[{"name":"wp","href":"https:\/\/api.w.org\/{rel}","templated":true}]}}