{"id":5343,"date":"2025-11-13T10:41:12","date_gmt":"2025-11-13T10:41:12","guid":{"rendered":"https:\/\/legadogastrobar.es\/?page_id=5343"},"modified":"2025-11-27T10:56:45","modified_gmt":"2025-11-27T10:56:45","slug":"aviso-legal","status":"publish","type":"page","link":"https:\/\/legadogastrobar.es\/?page_id=5343","title":{"rendered":"Aviso legal"},"content":{"rendered":"\t\t<div data-elementor-type=\"wp-page\" data-elementor-id=\"5343\" class=\"elementor elementor-5343\">\n\t\t\t\t\t\t<section class=\"elementor-section elementor-top-section elementor-element elementor-element-20cdafb8 elementor-section-content-middle elementor-section-boxed elementor-section-height-default elementor-section-height-default\" data-id=\"20cdafb8\" data-element_type=\"section\" data-e-type=\"section\" data-settings=\"{&quot;background_background&quot;:&quot;slideshow&quot;,&quot;background_slideshow_gallery&quot;:[{&quot;id&quot;:4645,&quot;url&quot;:&quot;https:\\\/\\\/legadogastrobar.es\\\/wp-content\\\/uploads\\\/2025\\\/08\\\/PATRON-VERDE-RGB_1-scaled.png&quot;}],&quot;shape_divider_top&quot;:&quot;opacity-fan&quot;,&quot;shape_divider_bottom&quot;:&quot;opacity-fan&quot;,&quot;background_slideshow_loop&quot;:&quot;yes&quot;,&quot;background_slideshow_slide_duration&quot;:5000,&quot;background_slideshow_slide_transition&quot;:&quot;fade&quot;,&quot;background_slideshow_transition_duration&quot;:500}\">\n\t\t\t\t\t<div class=\"elementor-shape elementor-shape-top\" aria-hidden=\"true\" data-negative=\"false\">\n\t\t\t<svg xmlns=\"http:\/\/www.w3.org\/2000\/svg\" viewBox=\"0 0 283.5 19.6\" preserveAspectRatio=\"none\">\n\t<path class=\"elementor-shape-fill\" style=\"opacity:0.33\" d=\"M0 0L0 18.8 141.8 4.1 283.5 18.8 283.5 0z\"\/>\n\t<path class=\"elementor-shape-fill\" style=\"opacity:0.33\" d=\"M0 0L0 12.6 141.8 4 283.5 12.6 283.5 0z\"\/>\n\t<path class=\"elementor-shape-fill\" style=\"opacity:0.33\" d=\"M0 0L0 6.4 141.8 4 283.5 6.4 283.5 0z\"\/>\n\t<path class=\"elementor-shape-fill\" d=\"M0 0L0 1.2 141.8 4 283.5 1.2 283.5 0z\"\/>\n<\/svg>\t\t<\/div>\n\t\t\t\t<div class=\"elementor-shape elementor-shape-bottom\" aria-hidden=\"true\" data-negative=\"false\">\n\t\t\t<svg xmlns=\"http:\/\/www.w3.org\/2000\/svg\" viewBox=\"0 0 283.5 19.6\" preserveAspectRatio=\"none\">\n\t<path class=\"elementor-shape-fill\" style=\"opacity:0.33\" d=\"M0 0L0 18.8 141.8 4.1 283.5 18.8 283.5 0z\"\/>\n\t<path class=\"elementor-shape-fill\" style=\"opacity:0.33\" d=\"M0 0L0 12.6 141.8 4 283.5 12.6 283.5 0z\"\/>\n\t<path class=\"elementor-shape-fill\" style=\"opacity:0.33\" d=\"M0 0L0 6.4 141.8 4 283.5 6.4 283.5 0z\"\/>\n\t<path class=\"elementor-shape-fill\" d=\"M0 0L0 1.2 141.8 4 283.5 1.2 283.5 0z\"\/>\n<\/svg>\t\t<\/div>\n\t\t\t\t\t<div class=\"elementor-container elementor-column-gap-default\">\n\t\t\t\t\t<div class=\"elementor-column elementor-col-100 elementor-top-column elementor-element elementor-element-355bb94d\" data-id=\"355bb94d\" data-element_type=\"column\" data-e-type=\"column\">\n\t\t\t<div class=\"elementor-widget-wrap elementor-element-populated\">\n\t\t\t\t\t\t<div class=\"elementor-element elementor-element-16305c8f elementor-widget-divider--view-line elementor-widget elementor-widget-divider\" data-id=\"16305c8f\" data-element_type=\"widget\" data-e-type=\"widget\" data-widget_type=\"divider.default\">\n\t\t\t\t\t\t\t<div class=\"elementor-divider\">\n\t\t\t<span class=\"elementor-divider-separator\">\n\t\t\t\t\t\t<\/span>\n\t\t<\/div>\n\t\t\t\t\t\t<\/div>\n\t\t\t\t<div class=\"elementor-element elementor-element-45cace3e elementor-widget elementor-widget-heading\" data-id=\"45cace3e\" data-element_type=\"widget\" data-e-type=\"widget\" data-widget_type=\"heading.default\">\n\t\t\t\t\t<h1 class=\"elementor-heading-title elementor-size-default\">AVISO LEGAL<\/h1>\t\t\t\t<\/div>\n\t\t\t\t\t<\/div>\n\t\t<\/div>\n\t\t\t\t\t<\/div>\n\t\t<\/section>\n\t\t<div class=\"elementor-element elementor-element-75488a6 e-flex e-con-boxed e-con e-parent\" data-id=\"75488a6\" data-element_type=\"container\" data-e-type=\"container\">\n\t\t\t\t\t<div class=\"e-con-inner\">\n\t\t<div class=\"elementor-element elementor-element-a6ab0b3 e-con-full e-flex e-con e-child\" data-id=\"a6ab0b3\" data-element_type=\"container\" data-e-type=\"container\">\n\t\t\t\t<div class=\"elementor-element elementor-element-861616c elementor-widget elementor-widget-text-editor\" data-id=\"861616c\" data-element_type=\"widget\" data-e-type=\"widget\" data-widget_type=\"text-editor.default\">\n\t\t\t\t\t\t\t\t\t<p data-start=\"203\" data-end=\"412\">En cumplimiento de la Ley 34\/2002, de 11 de julio, de Servicios de la Sociedad de la Informaci\u00f3n y de Comercio Electr\u00f3nico (LSSI-CE), se informa de los siguientes datos de la empresa titular de este sitio web:<\/p>\n<p data-start=\"417\" data-end=\"577\"><strong data-start=\"417\" data-end=\"443\">Titular del sitio web:<\/strong> AJGASTROVAL S.L.<br data-start=\"460\" data-end=\"463\"><strong data-start=\"465\" data-end=\"473\">NIF:<\/strong> B-22761225<br data-start=\"484\" data-end=\"487\"><strong data-start=\"489\" data-end=\"510\">Domicilio social:<\/strong> PLAZA DE LES TRETZE ROSES, 5 &#8211; ESC 1 &#8211; Puerta 43; 46014 Valencia<\/p>\n<h3 data-start=\"582\" data-end=\"594\">Usuarios<\/h3>\n<p data-start=\"597\" data-end=\"753\">El acceso y\/o uso de este portal le atribuye la condici\u00f3n de USUARIO, que acepta, desde dicho acceso y\/o uso, las Condiciones Generales de Uso aqu\u00ed reflejadas. Las citadas Condiciones ser\u00e1n de aplicaci\u00f3n independientemente de las Condiciones Generales de Contrataci\u00f3n que en su caso resulten de obligado cumplimiento.<\/p>\n<h3 data-start=\"758\" data-end=\"796\">Propiedad intelectual e industrial<\/h3>\n<p data-start=\"799\" data-end=\"1024\">AJGASTROVAL S.L. es titular de todos los derechos de propiedad intelectual e industrial de su p\u00e1gina web, as\u00ed como de los elementos contenidos en la misma (im\u00e1genes, sonido, v\u00eddeo, software o textos, marcas, logotipos, etc.).<\/p>\n<p data-start=\"1029\" data-end=\"1204\">Queda expresamente prohibida la reproducci\u00f3n, distribuci\u00f3n y comunicaci\u00f3n p\u00fablica, total o parcial, de los contenidos de este sitio web sin la autorizaci\u00f3n de AJGASTROVAL S.L.&nbsp;<\/p>\n<p data-start=\"1029\" data-end=\"1204\">Todos los derechos reservados. En virtud de lo dispuesto en los art\u00edculos 8 y 32.1, p\u00e1rrafo segundo, de la Ley de Propiedad Intelectual, quedan expresamente prohibidas la reproducci\u00f3n, la distribuci\u00f3n y la comunicaci\u00f3n p\u00fablica, incluida su modalidad de puesta a disposici\u00f3n, de la totalidad o parte de los contenidos de esta p\u00e1gina web, con fines comerciales, en cualquier soporte y por cualquier medio t\u00e9cnico, sin la autorizaci\u00f3n de AJGASTROVAL S.L. . El USUARIO se compromete a respetar los derechos de Propiedad Intelectual e Industrial titularidad de AJGASTROVAL S.L.. Podr\u00e1 visualizar los elementos del portal e incluso imprimirlos, copiarlos y almacenarlos en el disco duro de su ordenador o en cualquier otro soporte f\u00edsico siempre y cuando sea, \u00fanica y exclusivamente, para su uso personal y privado. El USUARIO deber\u00e1 abstenerse de suprimir, alterar, eludir o manipular cualquier dispositivo de protecci\u00f3n o sistema de seguridad que estuviera instalado en el las p\u00e1ginas de AJGASTROVAL S.L.<\/p>\n<h3 data-start=\"1209\" data-end=\"1253\">Exclusi\u00f3n de garant\u00edas y responsabilidad<\/h3>\n<p data-start=\"1256\" data-end=\"1510\">AJGASTROVAL S.L. no se hace responsable de los da\u00f1os o perjuicios que pudieran derivarse de errores u omisiones en los contenidos, falta de disponibilidad del portal o la transmisi\u00f3n de virus, a pesar de haber adoptado medidas tecnol\u00f3gicas para evitarlo.<\/p>\n<h3 data-start=\"1515\" data-end=\"1533\">Modificaciones<\/h3>\n<p data-start=\"1536\" data-end=\"1665\">AJGASTROVAL S.L. se reserva el derecho de efectuar sin previo aviso las modificaciones que considere oportunas en su portal, pudiendo cambiar, suprimir o a\u00f1adir tanto los contenidos y servicios que se presten a trav\u00e9s de la misma como la forma en la que \u00e9stos aparezcan presentados o localizados en su portal.<\/p>\n<h3 data-start=\"1670\" data-end=\"1681\">Enlaces<\/h3>\n<p data-start=\"1684\" data-end=\"1853\">En el caso de que en la p\u00e1gina web se dispusiesen enlaces o hiperv\u00ednculos hac\u00eda otros sitios de Internet, AJGASTROVAL S.L. no ejercer\u00e1 ning\u00fan tipo de control sobre dichos sitios y contenidos. En ning\u00fan caso AJGASTROVAL S.L. asumir\u00e1 responsabilidad alguna por los contenidos de alg\u00fan enlace perteneciente a un sitio web ajeno, ni garantizar\u00e1 la disponibilidad t\u00e9cnica, calidad, fiabilidad, exactitud, amplitud, veracidad, validez y constitucionalidad de cualquier material o informaci\u00f3n contenida en ninguno de dichos hiperv\u00ednculos u otros sitios de Internet.&nbsp;<\/p>\n<p data-start=\"1684\" data-end=\"1853\">Igualmente, la inclusi\u00f3n de estas conexiones externas no implicar\u00e1 ning\u00fan tipo de asociaci\u00f3n, fusi\u00f3n o participaci\u00f3n con las entidades conectadas.<\/p>\n<p data-start=\"1684\" data-end=\"1853\"><br><\/p>\n<h3 data-start=\"1858\" data-end=\"1882\">Derecho de exclusi\u00f3n<\/h3>\n<p data-start=\"1885\" data-end=\"2018\">AJGASTROVAL S.L. se reserva el derecho a denegar o retirar el acceso a portal y\/o los servicios ofrecidos sin necesidad de preaviso, a instancia propia o de un tercero, a aquellos usuarios que incumplan las presentes Condiciones Generales de Uso.<br><br><\/p>\n<h3 data-start=\"1858\" data-end=\"1882\">GENERALIDADES<\/h3>\n<p data-start=\"1885\" data-end=\"2018\"><br><\/p>\n<p data-start=\"1885\" data-end=\"2018\">AJGASTROVAL S.L. perseguir\u00e1 el incumplimiento de las presentes condiciones, as\u00ed como cualquier utilizaci\u00f3n indebida de su portal ejerciendo todas las acciones civiles y penales que le puedan corresponder en derecho.<\/p>\n<h3 data-start=\"1858\" data-end=\"1882\">MODIFICACI\u00d3N DE LAS PRESENTES CONDICIONES Y DURACI\u00d3N<\/h3>\n<p data-start=\"1885\" data-end=\"2018\"><br><\/p>\n<p data-start=\"1885\" data-end=\"2018\">AJGASTROVAL S.L. podr\u00e1 modificar en cualquier momento las condiciones aqu\u00ed determinadas, siendo debidamente publicadas como aqu\u00ed aparecen.&nbsp;<\/p>\n<p data-start=\"1885\" data-end=\"2018\">La vigencia de las citadas condiciones ir\u00e1 en funci\u00f3n de su exposici\u00f3n y estar\u00e1n vigentes hasta que sean modificadas por otras debidamente publicadas.<\/p>\n<h3 data-start=\"2023\" data-end=\"2063\">Legislaci\u00f3n aplicable y jurisdicci\u00f3n<\/h3>\n<p><\/p>\n<p data-start=\"2066\" data-end=\"2273\">La relaci\u00f3n entre AJGASTROVAL S.L. y el USUARIO se regir\u00e1 por la normativa espa\u00f1ola vigente y cualquier controversia se someter\u00e1 a los Juzgados y tribunales de la ciudad anteriormente indicada.<\/p>\t\t\t\t\t\t\t\t<\/div>\n\t\t\t\t<\/div>\n\t\t\t\t\t<\/div>\n\t\t\t\t<\/div>\n\t\t\t\t<\/div>\n\t\t","protected":false},"excerpt":{"rendered":"<p>AVISO LEGAL En cumplimiento de la Ley 34\/2002, de 11 de julio, de Servicios de la Sociedad de la Informaci\u00f3n y de Comercio Electr\u00f3nico (LSSI-CE), se informa de los siguientes datos de la empresa titular de este sitio web: Titular del sitio web: AJGASTROVAL S.L.NIF: B-22761225Domicilio social: PLAZA DE LES TRETZE ROSES, 5 &#8211; ESC 1 &#8211; Puerta 43; 46014&#8230;<\/p>\n","protected":false},"author":1,"featured_media":0,"parent":0,"menu_order":0,"comment_status":"closed","ping_status":"closed","template":"elementor_header_footer","meta":{"_monsterinsights_skip_tracking":false,"_monsterinsights_sitenote_active":false,"_monsterinsights_sitenote_note":"","_monsterinsights_sitenote_category":0,"footnotes":""},"class_list":["post-5343","page","type-page","status-publish","hentry"],"aioseo_notices":[],"_links":{"self":[{"href":"https:\/\/legadogastrobar.es\/index.php?rest_route=\/wp\/v2\/pages\/5343","targetHints":{"allow":["GET"]}}],"collection":[{"href":"https:\/\/legadogastrobar.es\/index.php?rest_route=\/wp\/v2\/pages"}],"about":[{"href":"https:\/\/legadogastrobar.es\/index.php?rest_route=\/wp\/v2\/types\/page"}],"author":[{"embeddable":true,"href":"https:\/\/legadogastrobar.es\/index.php?rest_route=\/wp\/v2\/users\/1"}],"replies":[{"embeddable":true,"href":"https:\/\/legadogastrobar.es\/index.php?rest_route=%2Fwp%2Fv2%2Fcomments&post=5343"}],"version-history":[{"count":7,"href":"https:\/\/legadogastrobar.es\/index.php?rest_route=\/wp\/v2\/pages\/5343\/revisions"}],"predecessor-version":[{"id":5434,"href":"https:\/\/legadogastrobar.es\/index.php?rest_route=\/wp\/v2\/pages\/5343\/revisions\/5434"}],"wp:attachment":[{"href":"https:\/\/legadogastrobar.es\/index.php?rest_route=%2Fwp%2Fv2%2Fmedia&parent=5343"}],"curies":[{"name":"wp","href":"https:\/\/api.w.org\/{rel}","templated":true}]}}