{"id":3666,"date":"2024-10-03T10:04:30","date_gmt":"2024-10-03T10:04:30","guid":{"rendered":"https:\/\/caverta.matchthemes.com\/cafe\/?page_id=3666"},"modified":"2026-03-09T19:26:18","modified_gmt":"2026-03-09T19:26:18","slug":"inicio","status":"publish","type":"page","link":"https:\/\/legadogastrobar.es\/","title":{"rendered":"INICIO"},"content":{"rendered":"\t\t<div data-elementor-type=\"wp-page\" data-elementor-id=\"3666\" class=\"elementor elementor-3666\">\n\t\t\t\t<div class=\"elementor-element elementor-element-55414a5 e-flex e-con-boxed elementor-invisible e-con e-parent\" data-id=\"55414a5\" data-element_type=\"container\" data-e-type=\"container\" data-settings=\"{&quot;animation&quot;:&quot;fadeInUp&quot;}\">\n\t\t\t\t\t<div class=\"e-con-inner\">\n\t\t\t\t<div class=\"elementor-element elementor-element-54dfebc elementor-widget elementor-widget-heading\" data-id=\"54dfebc\" data-element_type=\"widget\" data-e-type=\"widget\" data-widget_type=\"heading.default\">\n\t\t\t\t\t<div class=\"elementor-heading-title elementor-size-default\">Somos de los que piensan que alrededor de una mesa las cosas salen mejor: Se arregla el mundo, se celebran victorias y, bueno, si  hay derrotas, pues nos consolamos en compa\u00f1\u00eda. <\/div>\t\t\t\t<\/div>\n\t\t\t\t<div class=\"elementor-element elementor-element-a6f804d el-btn elementor-align-center elementor-widget elementor-widget-button\" data-id=\"a6f804d\" data-element_type=\"widget\" data-e-type=\"widget\" data-widget_type=\"button.default\">\n\t\t\t\t\t\t\t\t\t\t<a class=\"elementor-button elementor-button-link elementor-size-sm\" href=\"https:\/\/reservation.dish.co\/widget\/hydra-6100a30e-edcf-40cc-88cc-cb498581e0e8\">\n\t\t\t\t\t\t<span class=\"elementor-button-content-wrapper\">\n\t\t\t\t\t\t\t\t\t<span class=\"elementor-button-text\">Reserva tu Mesa<\/span>\n\t\t\t\t\t<\/span>\n\t\t\t\t\t<\/a>\n\t\t\t\t\t\t\t\t<\/div>\n\t\t\t\t\t<\/div>\n\t\t\t\t<\/div>\n\t\t<div class=\"elementor-element elementor-element-8726877 e-con-full e-flex e-con e-parent\" data-id=\"8726877\" data-element_type=\"container\" data-e-type=\"container\">\n\t\t<div class=\"elementor-element elementor-element-3a4fe8e e-con-full e-flex elementor-invisible e-con e-child\" data-id=\"3a4fe8e\" data-element_type=\"container\" data-e-type=\"container\" data-settings=\"{&quot;animation&quot;:&quot;fadeInLeft&quot;}\">\n\t\t\t\t<div class=\"elementor-element elementor-element-2eb6168 elementor-invisible elementor-widget elementor-widget-image\" data-id=\"2eb6168\" data-element_type=\"widget\" data-e-type=\"widget\" data-settings=\"{&quot;_animation&quot;:&quot;rotateInDownLeft&quot;}\" data-widget_type=\"image.default\">\n\t\t\t\t\t\t\t\t\t\t\t\t\t\t\t<img fetchpriority=\"high\" decoding=\"async\" width=\"1707\" height=\"2560\" src=\"https:\/\/legadogastrobar.es\/wp-content\/uploads\/2025\/09\/DSC04201-scaled.jpg\" class=\"attachment-full size-full wp-image-5196\" alt=\"\" srcset=\"https:\/\/legadogastrobar.es\/wp-content\/uploads\/2025\/09\/DSC04201-scaled.jpg 1707w, https:\/\/legadogastrobar.es\/wp-content\/uploads\/2025\/09\/DSC04201-200x300.jpg 200w, https:\/\/legadogastrobar.es\/wp-content\/uploads\/2025\/09\/DSC04201-683x1024.jpg 683w, https:\/\/legadogastrobar.es\/wp-content\/uploads\/2025\/09\/DSC04201-768x1152.jpg 768w, https:\/\/legadogastrobar.es\/wp-content\/uploads\/2025\/09\/DSC04201-1024x1536.jpg 1024w, https:\/\/legadogastrobar.es\/wp-content\/uploads\/2025\/09\/DSC04201-1365x2048.jpg 1365w, https:\/\/legadogastrobar.es\/wp-content\/uploads\/2025\/09\/DSC04201-800x1200.jpg 800w\" sizes=\"(max-width: 1707px) 100vw, 1707px\" \/>\t\t\t\t\t\t\t\t\t\t\t\t\t\t\t<\/div>\n\t\t\t\t<\/div>\n\t\t<div class=\"elementor-element elementor-element-a49b346 e-con-full e-flex elementor-invisible e-con e-child\" data-id=\"a49b346\" data-element_type=\"container\" data-e-type=\"container\" data-settings=\"{&quot;animation&quot;:&quot;fadeInUp&quot;}\">\n\t\t\t\t<div class=\"elementor-element elementor-element-3a16114 elementor-invisible elementor-widget elementor-widget-image\" data-id=\"3a16114\" data-element_type=\"widget\" data-e-type=\"widget\" data-settings=\"{&quot;_animation&quot;:&quot;rotateInDownRight&quot;}\" data-widget_type=\"image.default\">\n\t\t\t\t\t\t\t\t\t\t\t\t\t\t\t<img decoding=\"async\" width=\"1707\" height=\"2560\" src=\"https:\/\/legadogastrobar.es\/wp-content\/uploads\/2025\/09\/DSC04519-scaled.jpg\" class=\"attachment-full size-full wp-image-5198\" alt=\"\" srcset=\"https:\/\/legadogastrobar.es\/wp-content\/uploads\/2025\/09\/DSC04519-scaled.jpg 1707w, https:\/\/legadogastrobar.es\/wp-content\/uploads\/2025\/09\/DSC04519-200x300.jpg 200w, https:\/\/legadogastrobar.es\/wp-content\/uploads\/2025\/09\/DSC04519-683x1024.jpg 683w, https:\/\/legadogastrobar.es\/wp-content\/uploads\/2025\/09\/DSC04519-768x1152.jpg 768w, https:\/\/legadogastrobar.es\/wp-content\/uploads\/2025\/09\/DSC04519-1024x1536.jpg 1024w, https:\/\/legadogastrobar.es\/wp-content\/uploads\/2025\/09\/DSC04519-1365x2048.jpg 1365w, https:\/\/legadogastrobar.es\/wp-content\/uploads\/2025\/09\/DSC04519-800x1200.jpg 800w\" sizes=\"(max-width: 1707px) 100vw, 1707px\" \/>\t\t\t\t\t\t\t\t\t\t\t\t\t\t\t<\/div>\n\t\t\t\t<\/div>\n\t\t<div class=\"elementor-element elementor-element-e0fe4e6 e-con-full e-flex elementor-invisible e-con e-child\" data-id=\"e0fe4e6\" data-element_type=\"container\" data-e-type=\"container\" data-settings=\"{&quot;animation&quot;:&quot;fadeIn&quot;}\">\n\t\t\t\t<div class=\"elementor-element elementor-element-3adddff elementor-invisible elementor-widget elementor-widget-image\" data-id=\"3adddff\" data-element_type=\"widget\" data-e-type=\"widget\" data-settings=\"{&quot;_animation&quot;:&quot;rotateInDownLeft&quot;}\" data-widget_type=\"image.default\">\n\t\t\t\t\t\t\t\t\t\t\t\t\t\t\t<img decoding=\"async\" width=\"1707\" height=\"2560\" src=\"https:\/\/legadogastrobar.es\/wp-content\/uploads\/2025\/09\/DSC04144-scaled.jpg\" class=\"attachment-full size-full wp-image-5199\" alt=\"\" srcset=\"https:\/\/legadogastrobar.es\/wp-content\/uploads\/2025\/09\/DSC04144-scaled.jpg 1707w, https:\/\/legadogastrobar.es\/wp-content\/uploads\/2025\/09\/DSC04144-200x300.jpg 200w, https:\/\/legadogastrobar.es\/wp-content\/uploads\/2025\/09\/DSC04144-683x1024.jpg 683w, https:\/\/legadogastrobar.es\/wp-content\/uploads\/2025\/09\/DSC04144-768x1152.jpg 768w, https:\/\/legadogastrobar.es\/wp-content\/uploads\/2025\/09\/DSC04144-1024x1536.jpg 1024w, https:\/\/legadogastrobar.es\/wp-content\/uploads\/2025\/09\/DSC04144-1365x2048.jpg 1365w, https:\/\/legadogastrobar.es\/wp-content\/uploads\/2025\/09\/DSC04144-800x1200.jpg 800w\" sizes=\"(max-width: 1707px) 100vw, 1707px\" \/>\t\t\t\t\t\t\t\t\t\t\t\t\t\t\t<\/div>\n\t\t\t\t<\/div>\n\t\t<div class=\"elementor-element elementor-element-e79e386 e-con-full e-flex elementor-invisible e-con e-child\" data-id=\"e79e386\" data-element_type=\"container\" data-e-type=\"container\" data-settings=\"{&quot;animation&quot;:&quot;fadeInUp&quot;}\">\n\t\t\t\t<div class=\"elementor-element elementor-element-e3f759c elementor-invisible elementor-widget elementor-widget-image\" data-id=\"e3f759c\" data-element_type=\"widget\" data-e-type=\"widget\" data-settings=\"{&quot;_animation&quot;:&quot;rotateInDownRight&quot;}\" data-widget_type=\"image.default\">\n\t\t\t\t\t\t\t\t\t\t\t\t\t\t\t<img loading=\"lazy\" decoding=\"async\" width=\"1707\" height=\"2560\" src=\"https:\/\/legadogastrobar.es\/wp-content\/uploads\/2025\/09\/DSC04345-scaled.jpg\" class=\"attachment-full size-full wp-image-5200\" alt=\"\" srcset=\"https:\/\/legadogastrobar.es\/wp-content\/uploads\/2025\/09\/DSC04345-scaled.jpg 1707w, https:\/\/legadogastrobar.es\/wp-content\/uploads\/2025\/09\/DSC04345-200x300.jpg 200w, https:\/\/legadogastrobar.es\/wp-content\/uploads\/2025\/09\/DSC04345-683x1024.jpg 683w, https:\/\/legadogastrobar.es\/wp-content\/uploads\/2025\/09\/DSC04345-768x1152.jpg 768w, https:\/\/legadogastrobar.es\/wp-content\/uploads\/2025\/09\/DSC04345-1024x1536.jpg 1024w, https:\/\/legadogastrobar.es\/wp-content\/uploads\/2025\/09\/DSC04345-1365x2048.jpg 1365w, https:\/\/legadogastrobar.es\/wp-content\/uploads\/2025\/09\/DSC04345-800x1200.jpg 800w\" sizes=\"(max-width: 1707px) 100vw, 1707px\" \/>\t\t\t\t\t\t\t\t\t\t\t\t\t\t\t<\/div>\n\t\t\t\t<\/div>\n\t\t<div class=\"elementor-element elementor-element-2297176 e-con-full e-flex elementor-invisible e-con e-child\" data-id=\"2297176\" data-element_type=\"container\" data-e-type=\"container\" data-settings=\"{&quot;animation&quot;:&quot;fadeInRight&quot;}\">\n\t\t\t\t<div class=\"elementor-element elementor-element-2e424a4 elementor-invisible elementor-widget elementor-widget-image\" data-id=\"2e424a4\" data-element_type=\"widget\" data-e-type=\"widget\" data-settings=\"{&quot;_animation&quot;:&quot;rotateInDownLeft&quot;}\" data-widget_type=\"image.default\">\n\t\t\t\t\t\t\t\t\t\t\t\t\t\t\t<img loading=\"lazy\" decoding=\"async\" width=\"1707\" height=\"2560\" src=\"https:\/\/legadogastrobar.es\/wp-content\/uploads\/2025\/09\/DSC04183-scaled.jpg\" class=\"attachment-full size-full wp-image-5201\" alt=\"\" srcset=\"https:\/\/legadogastrobar.es\/wp-content\/uploads\/2025\/09\/DSC04183-scaled.jpg 1707w, https:\/\/legadogastrobar.es\/wp-content\/uploads\/2025\/09\/DSC04183-200x300.jpg 200w, https:\/\/legadogastrobar.es\/wp-content\/uploads\/2025\/09\/DSC04183-683x1024.jpg 683w, https:\/\/legadogastrobar.es\/wp-content\/uploads\/2025\/09\/DSC04183-768x1152.jpg 768w, https:\/\/legadogastrobar.es\/wp-content\/uploads\/2025\/09\/DSC04183-1024x1536.jpg 1024w, https:\/\/legadogastrobar.es\/wp-content\/uploads\/2025\/09\/DSC04183-1365x2048.jpg 1365w, https:\/\/legadogastrobar.es\/wp-content\/uploads\/2025\/09\/DSC04183-800x1200.jpg 800w\" sizes=\"(max-width: 1707px) 100vw, 1707px\" \/>\t\t\t\t\t\t\t\t\t\t\t\t\t\t\t<\/div>\n\t\t\t\t<\/div>\n\t\t\t\t<\/div>\n\t\t<div class=\"elementor-element elementor-element-647f803 e-flex e-con-boxed e-con e-parent\" data-id=\"647f803\" data-element_type=\"container\" data-e-type=\"container\">\n\t\t\t\t\t<div class=\"e-con-inner\">\n\t\t<div class=\"elementor-element elementor-element-4e48310 e-con-full e-flex e-con e-child\" data-id=\"4e48310\" data-element_type=\"container\" data-e-type=\"container\">\n\t\t\t\t<div class=\"elementor-element elementor-element-babdf41 elementor-widget elementor-widget-heading\" data-id=\"babdf41\" data-element_type=\"widget\" data-e-type=\"widget\" data-widget_type=\"heading.default\">\n\t\t\t\t\t<h2 class=\"elementor-heading-title elementor-size-default\">Encu\u00e9ntranos aqu\u00ed<\/h2>\t\t\t\t<\/div>\n\t\t\t\t<div class=\"elementor-element elementor-element-70591a8 elementor-widget elementor-widget-text-editor\" data-id=\"70591a8\" data-element_type=\"widget\" data-e-type=\"widget\" data-widget_type=\"text-editor.default\">\n\t\t\t\t\t\t\t\t\t<div class=\"smalltitle\">Vis\u00edtanos en\u00a0<\/div>\t\t\t\t\t\t\t\t<\/div>\n\t\t\t\t<div class=\"elementor-element elementor-element-39be8d1 elementor-widget elementor-widget-heading\" data-id=\"39be8d1\" data-element_type=\"widget\" data-e-type=\"widget\" data-widget_type=\"heading.default\">\n\t\t\t\t\t<h5 class=\"elementor-heading-title elementor-size-default\">CALLE ANGEL DE VILLENA N\u00b034, 46013, Valencia<\/h5>\t\t\t\t<\/div>\n\t\t\t\t<div class=\"elementor-element elementor-element-a0a9e6e elementor-widget elementor-widget-text-editor\" data-id=\"a0a9e6e\" data-element_type=\"widget\" data-e-type=\"widget\" data-widget_type=\"text-editor.default\">\n\t\t\t\t\t\t\t\t\t<p>A 4 minutos del Roig Arena<\/p>\t\t\t\t\t\t\t\t<\/div>\n\t\t\t\t<div class=\"elementor-element elementor-element-c8fda3e elementor-widget elementor-widget-text-editor\" data-id=\"c8fda3e\" data-element_type=\"widget\" data-e-type=\"widget\" data-widget_type=\"text-editor.default\">\n\t\t\t\t\t\t\t\t\t<div class=\"smalltitle\">Horarios\u00a0<\/div>\t\t\t\t\t\t\t\t<\/div>\n\t\t\t\t<div class=\"elementor-element elementor-element-b3be079 elementor-widget elementor-widget-heading\" data-id=\"b3be079\" data-element_type=\"widget\" data-e-type=\"widget\" data-widget_type=\"heading.default\">\n\t\t\t\t\t<h5 class=\"elementor-heading-title elementor-size-default\">Lunes, Martes y Mi\u00e9rcoles: 17:30h - 23:30h <br>Jueves: 18:00h - 00:00h <br>\nViernes: 9:30h - 00:30h<br>S\u00e1bado: 9:00h - 00:30h <br> Domingo: 9:00h - 23:30h<\/h5>\t\t\t\t<\/div>\n\t\t\t\t<\/div>\n\t\t<div class=\"elementor-element elementor-element-c8edadc e-con-full e-flex e-con e-child\" data-id=\"c8edadc\" data-element_type=\"container\" data-e-type=\"container\">\n\t\t<div class=\"elementor-element elementor-element-78ac9df e-con-full e-flex e-con e-child\" data-id=\"78ac9df\" data-element_type=\"container\" data-e-type=\"container\">\n\t\t\t\t<div class=\"elementor-element elementor-element-0a5c976 elementor-position-top elementor-widget elementor-widget-image-box\" data-id=\"0a5c976\" data-element_type=\"widget\" data-e-type=\"widget\" data-widget_type=\"image-box.default\">\n\t\t\t\t\t<div class=\"elementor-image-box-wrapper\"><figure class=\"elementor-image-box-img\"><img loading=\"lazy\" decoding=\"async\" width=\"150\" height=\"150\" src=\"https:\/\/legadogastrobar.es\/wp-content\/uploads\/2025\/08\/STORIE-\u00bfDONDE-ESTAMOS--150x150.png\" class=\"attachment-thumbnail size-thumbnail wp-image-4665\" alt=\"\" srcset=\"https:\/\/legadogastrobar.es\/wp-content\/uploads\/2025\/08\/STORIE-\u00bfDONDE-ESTAMOS--150x150.png 150w, https:\/\/legadogastrobar.es\/wp-content\/uploads\/2025\/08\/STORIE-\u00bfDONDE-ESTAMOS--300x300.png 300w, https:\/\/legadogastrobar.es\/wp-content\/uploads\/2025\/08\/STORIE-\u00bfDONDE-ESTAMOS-.png 500w\" sizes=\"(max-width: 150px) 100vw, 150px\" \/><\/figure><\/div>\t\t\t\t<\/div>\n\t\t\t\t<\/div>\n\t\t<div class=\"elementor-element elementor-element-5f6471d e-con-full e-flex elementor-invisible e-con e-child\" data-id=\"5f6471d\" data-element_type=\"container\" data-e-type=\"container\" data-settings=\"{&quot;animation&quot;:&quot;zoomIn&quot;}\">\n\t\t\t\t<div class=\"elementor-element elementor-element-0b9e2bb elementor-widget elementor-widget-google_maps\" data-id=\"0b9e2bb\" data-element_type=\"widget\" data-e-type=\"widget\" data-widget_type=\"google_maps.default\">\n\t\t\t\t\t\t\t<div class=\"elementor-custom-embed\">\n\t\t\t<iframe loading=\"lazy\"\n\t\t\t\t\tsrc=\"https:\/\/maps.google.com\/maps?q=Carrer%20d%27%C3%81ngel%20Villena%2C%2034%2C%20Quatre%20Carreres%2C%2046013%20Val%C3%A8ncia%2C%20Valencia&#038;t=m&#038;z=14&#038;output=embed&#038;iwloc=near\"\n\t\t\t\t\ttitle=\"Carrer d&#039;\u00c1ngel Villena, 34, Quatre Carreres, 46013 Val\u00e8ncia, Valencia\"\n\t\t\t\t\taria-label=\"Carrer d&#039;\u00c1ngel Villena, 34, Quatre Carreres, 46013 Val\u00e8ncia, Valencia\"\n\t\t\t><\/iframe>\n\t\t<\/div>\n\t\t\t\t\t\t<\/div>\n\t\t\t\t<\/div>\n\t\t\t\t<\/div>\n\t\t\t\t\t<\/div>\n\t\t\t\t<\/div>\n\t\t<div class=\"elementor-element elementor-element-0e9c675 e-flex e-con-boxed e-con e-parent\" data-id=\"0e9c675\" data-element_type=\"container\" data-e-type=\"container\">\n\t\t\t\t\t<div class=\"e-con-inner\">\n\t\t<div class=\"elementor-element elementor-element-797d5c0 e-con-full e-flex elementor-invisible e-con e-child\" data-id=\"797d5c0\" data-element_type=\"container\" data-e-type=\"container\" data-settings=\"{&quot;animation&quot;:&quot;fadeInUp&quot;}\">\n\t\t\t\t<div class=\"elementor-element elementor-element-2457112 elementor-widget elementor-widget-image\" data-id=\"2457112\" data-element_type=\"widget\" data-e-type=\"widget\" data-widget_type=\"image.default\">\n\t\t\t\t\t\t\t\t\t\t\t\t\t\t\t<img loading=\"lazy\" decoding=\"async\" width=\"683\" height=\"1024\" src=\"https:\/\/legadogastrobar.es\/wp-content\/uploads\/2025\/10\/WhatsApp-Image-2025-10-24-at-13.52.51-683x1024.jpeg\" class=\"attachment-large size-large wp-image-5324\" alt=\"\" srcset=\"https:\/\/legadogastrobar.es\/wp-content\/uploads\/2025\/10\/WhatsApp-Image-2025-10-24-at-13.52.51-683x1024.jpeg 683w, https:\/\/legadogastrobar.es\/wp-content\/uploads\/2025\/10\/WhatsApp-Image-2025-10-24-at-13.52.51-200x300.jpeg 200w, https:\/\/legadogastrobar.es\/wp-content\/uploads\/2025\/10\/WhatsApp-Image-2025-10-24-at-13.52.51-768x1151.jpeg 768w, https:\/\/legadogastrobar.es\/wp-content\/uploads\/2025\/10\/WhatsApp-Image-2025-10-24-at-13.52.51-800x1199.jpeg 800w, https:\/\/legadogastrobar.es\/wp-content\/uploads\/2025\/10\/WhatsApp-Image-2025-10-24-at-13.52.51.jpeg 854w\" sizes=\"(max-width: 683px) 100vw, 683px\" \/>\t\t\t\t\t\t\t\t\t\t\t\t\t\t\t<\/div>\n\t\t\t\t<div class=\"elementor-element elementor-element-3277ce6 elementor-widget elementor-widget-text-editor\" data-id=\"3277ce6\" data-element_type=\"widget\" data-e-type=\"widget\" data-widget_type=\"text-editor.default\">\n\t\t\t\t\t\t\t\t\t<div class=\"smalltitle\">tu primer bocado\u00a0<\/div>\t\t\t\t\t\t\t\t<\/div>\n\t\t\t\t<div class=\"elementor-element elementor-element-fe72622 elementor-widget elementor-widget-heading\" data-id=\"fe72622\" data-element_type=\"widget\" data-e-type=\"widget\" data-widget_type=\"heading.default\">\n\t\t\t\t\t<h3 class=\"elementor-heading-title elementor-size-default\">Almuerzos<\/h3>\t\t\t\t<\/div>\n\t\t\t\t<div class=\"elementor-element elementor-element-9bdc91f el-btn elementor-align-center elementor-widget elementor-widget-button\" data-id=\"9bdc91f\" data-element_type=\"widget\" data-e-type=\"widget\" data-widget_type=\"button.default\">\n\t\t\t\t\t\t\t\t\t\t<a class=\"elementor-button elementor-button-link elementor-size-sm\" href=\"https:\/\/legadogastrobar.es\/?page_id=4687\">\n\t\t\t\t\t\t<span class=\"elementor-button-content-wrapper\">\n\t\t\t\t\t\t\t\t\t<span class=\"elementor-button-text\">Saber M\u00e1s<\/span>\n\t\t\t\t\t<\/span>\n\t\t\t\t\t<\/a>\n\t\t\t\t\t\t\t\t<\/div>\n\t\t\t\t<\/div>\n\t\t<div class=\"elementor-element elementor-element-9d50272 e-con-full e-flex elementor-invisible e-con e-child\" data-id=\"9d50272\" data-element_type=\"container\" data-e-type=\"container\" data-settings=\"{&quot;animation&quot;:&quot;fadeIn&quot;}\">\n\t\t\t\t<div class=\"elementor-element elementor-element-b1016a3 elementor-widget elementor-widget-image\" data-id=\"b1016a3\" data-element_type=\"widget\" data-e-type=\"widget\" data-widget_type=\"image.default\">\n\t\t\t\t\t\t\t\t\t\t\t\t\t\t\t<img loading=\"lazy\" decoding=\"async\" width=\"1024\" height=\"664\" src=\"https:\/\/legadogastrobar.es\/wp-content\/uploads\/2025\/10\/WhatsApp-Image-2025-10-24-at-13.52.51-2-1024x664.jpeg\" class=\"attachment-large size-large wp-image-5325\" alt=\"\" srcset=\"https:\/\/legadogastrobar.es\/wp-content\/uploads\/2025\/10\/WhatsApp-Image-2025-10-24-at-13.52.51-2-1024x664.jpeg 1024w, https:\/\/legadogastrobar.es\/wp-content\/uploads\/2025\/10\/WhatsApp-Image-2025-10-24-at-13.52.51-2-300x195.jpeg 300w, https:\/\/legadogastrobar.es\/wp-content\/uploads\/2025\/10\/WhatsApp-Image-2025-10-24-at-13.52.51-2-768x498.jpeg 768w, https:\/\/legadogastrobar.es\/wp-content\/uploads\/2025\/10\/WhatsApp-Image-2025-10-24-at-13.52.51-2-800x519.jpeg 800w, https:\/\/legadogastrobar.es\/wp-content\/uploads\/2025\/10\/WhatsApp-Image-2025-10-24-at-13.52.51-2.jpeg 1280w\" sizes=\"(max-width: 1024px) 100vw, 1024px\" \/>\t\t\t\t\t\t\t\t\t\t\t\t\t\t\t<\/div>\n\t\t\t\t<div class=\"elementor-element elementor-element-c06a536 elementor-widget elementor-widget-text-editor\" data-id=\"c06a536\" data-element_type=\"widget\" data-e-type=\"widget\" data-widget_type=\"text-editor.default\">\n\t\t\t\t\t\t\t\t\t<div class=\"smalltitle\">\u00a1sorpr\u00e9ndete!<\/div>\t\t\t\t\t\t\t\t<\/div>\n\t\t\t\t<div class=\"elementor-element elementor-element-f6f69ea elementor-widget elementor-widget-heading\" data-id=\"f6f69ea\" data-element_type=\"widget\" data-e-type=\"widget\" data-widget_type=\"heading.default\">\n\t\t\t\t\t<h3 class=\"elementor-heading-title elementor-size-default\">Tu Men\u00fa<\/h3>\t\t\t\t<\/div>\n\t\t\t\t<div class=\"elementor-element elementor-element-a459338 el-btn elementor-align-center elementor-widget elementor-widget-button\" data-id=\"a459338\" data-element_type=\"widget\" data-e-type=\"widget\" data-widget_type=\"button.default\">\n\t\t\t\t\t\t\t\t\t\t<a class=\"elementor-button elementor-button-link elementor-size-sm\" href=\"https:\/\/legadogastrobar.es\/?page_id=5149\">\n\t\t\t\t\t\t<span class=\"elementor-button-content-wrapper\">\n\t\t\t\t\t\t\t\t\t<span class=\"elementor-button-text\">Saber M\u00e1s<\/span>\n\t\t\t\t\t<\/span>\n\t\t\t\t\t<\/a>\n\t\t\t\t\t\t\t\t<\/div>\n\t\t\t\t<\/div>\n\t\t<div class=\"elementor-element elementor-element-346d460 e-con-full e-flex elementor-invisible e-con e-child\" data-id=\"346d460\" data-element_type=\"container\" data-e-type=\"container\" data-settings=\"{&quot;animation&quot;:&quot;fadeInUp&quot;}\">\n\t\t\t\t<div class=\"elementor-element elementor-element-59fcd7d elementor-widget elementor-widget-image\" data-id=\"59fcd7d\" data-element_type=\"widget\" data-e-type=\"widget\" data-widget_type=\"image.default\">\n\t\t\t\t\t\t\t\t\t\t\t\t\t\t\t<img loading=\"lazy\" decoding=\"async\" width=\"758\" height=\"1024\" src=\"https:\/\/legadogastrobar.es\/wp-content\/uploads\/2025\/10\/WhatsApp-Image-2025-10-24-at-13.52.51-1-758x1024.jpeg\" class=\"attachment-large size-large wp-image-5327\" alt=\"\" srcset=\"https:\/\/legadogastrobar.es\/wp-content\/uploads\/2025\/10\/WhatsApp-Image-2025-10-24-at-13.52.51-1-758x1024.jpeg 758w, https:\/\/legadogastrobar.es\/wp-content\/uploads\/2025\/10\/WhatsApp-Image-2025-10-24-at-13.52.51-1-222x300.jpeg 222w, https:\/\/legadogastrobar.es\/wp-content\/uploads\/2025\/10\/WhatsApp-Image-2025-10-24-at-13.52.51-1-768x1037.jpeg 768w, https:\/\/legadogastrobar.es\/wp-content\/uploads\/2025\/10\/WhatsApp-Image-2025-10-24-at-13.52.51-1-800x1080.jpeg 800w, https:\/\/legadogastrobar.es\/wp-content\/uploads\/2025\/10\/WhatsApp-Image-2025-10-24-at-13.52.51-1.jpeg 948w\" sizes=\"(max-width: 758px) 100vw, 758px\" \/>\t\t\t\t\t\t\t\t\t\t\t\t\t\t\t<\/div>\n\t\t\t\t<div class=\"elementor-element elementor-element-245005c elementor-widget elementor-widget-text-editor\" data-id=\"245005c\" data-element_type=\"widget\" data-e-type=\"widget\" data-widget_type=\"text-editor.default\">\n\t\t\t\t\t\t\t\t\t<div class=\"smalltitle\">de generaci\u00f3n en generaci\u00f3n<br \/>\u00a1Pr\u00f3ximamente!\u00a0\u00a0<\/div>\t\t\t\t\t\t\t\t<\/div>\n\t\t\t\t<div class=\"elementor-element elementor-element-d29e653 elementor-widget elementor-widget-heading\" data-id=\"d29e653\" data-element_type=\"widget\" data-e-type=\"widget\" data-widget_type=\"heading.default\">\n\t\t\t\t\t<h3 class=\"elementor-heading-title elementor-size-default\">Nuestra Historia<\/h3>\t\t\t\t<\/div>\n\t\t\t\t<\/div>\n\t\t\t\t\t<\/div>\n\t\t\t\t<\/div>\n\t\t\t\t<\/div>\n\t\t","protected":false},"excerpt":{"rendered":"<p>Somos de los que piensan que alrededor de una mesa las cosas salen mejor: Se arregla el mundo, se celebran victorias y, bueno, si hay derrotas, pues nos consolamos en compa\u00f1\u00eda. Reserva tu Mesa Encu\u00e9ntranos aqu\u00ed Vis\u00edtanos en\u00a0 CALLE ANGEL DE VILLENA N\u00b034, 46013, Valencia A 4 minutos del Roig Arena Horarios\u00a0 Lunes, Martes y Mi\u00e9rcoles: 17:30h &#8211; 23:30h Jueves:&#8230;<\/p>\n","protected":false},"author":1,"featured_media":4785,"parent":0,"menu_order":0,"comment_status":"closed","ping_status":"closed","template":"my-templates\/template-home.php","meta":{"_monsterinsights_skip_tracking":false,"_monsterinsights_sitenote_active":false,"_monsterinsights_sitenote_note":"","_monsterinsights_sitenote_category":0,"footnotes":""},"class_list":["post-3666","page","type-page","status-publish","has-post-thumbnail","hentry"],"aioseo_notices":[],"_links":{"self":[{"href":"https:\/\/legadogastrobar.es\/index.php?rest_route=\/wp\/v2\/pages\/3666","targetHints":{"allow":["GET"]}}],"collection":[{"href":"https:\/\/legadogastrobar.es\/index.php?rest_route=\/wp\/v2\/pages"}],"about":[{"href":"https:\/\/legadogastrobar.es\/index.php?rest_route=\/wp\/v2\/types\/page"}],"author":[{"embeddable":true,"href":"https:\/\/legadogastrobar.es\/index.php?rest_route=\/wp\/v2\/users\/1"}],"replies":[{"embeddable":true,"href":"https:\/\/legadogastrobar.es\/index.php?rest_route=%2Fwp%2Fv2%2Fcomments&post=3666"}],"version-history":[{"count":109,"href":"https:\/\/legadogastrobar.es\/index.php?rest_route=\/wp\/v2\/pages\/3666\/revisions"}],"predecessor-version":[{"id":5543,"href":"https:\/\/legadogastrobar.es\/index.php?rest_route=\/wp\/v2\/pages\/3666\/revisions\/5543"}],"wp:featuredmedia":[{"embeddable":true,"href":"https:\/\/legadogastrobar.es\/index.php?rest_route=\/wp\/v2\/media\/4785"}],"wp:attachment":[{"href":"https:\/\/legadogastrobar.es\/index.php?rest_route=%2Fwp%2Fv2%2Fmedia&parent=3666"}],"curies":[{"name":"wp","href":"https:\/\/api.w.org\/{rel}","templated":true}]}}