{"id":3482,"date":"2024-10-01T16:14:13","date_gmt":"2024-10-01T16:14:13","guid":{"rendered":"https:\/\/caverta.matchthemes.com\/cafe\/?page_id=3482"},"modified":"2026-03-09T19:12:22","modified_gmt":"2026-03-09T19:12:22","slug":"contacto","status":"publish","type":"page","link":"https:\/\/legadogastrobar.es\/?page_id=3482","title":{"rendered":"Contacto"},"content":{"rendered":"\t\t<div data-elementor-type=\"wp-page\" data-elementor-id=\"3482\" class=\"elementor elementor-3482\">\n\t\t\t\t\t\t<section class=\"elementor-section elementor-top-section elementor-element elementor-element-5b3761d7 elementor-section-content-middle elementor-section-boxed elementor-section-height-default elementor-section-height-default\" data-id=\"5b3761d7\" data-element_type=\"section\" data-e-type=\"section\" data-settings=\"{&quot;background_background&quot;:&quot;slideshow&quot;,&quot;background_slideshow_gallery&quot;:[{&quot;id&quot;:4645,&quot;url&quot;:&quot;https:\\\/\\\/legadogastrobar.es\\\/wp-content\\\/uploads\\\/2025\\\/08\\\/PATRON-VERDE-RGB_1-scaled.png&quot;}],&quot;shape_divider_top&quot;:&quot;opacity-fan&quot;,&quot;shape_divider_bottom&quot;:&quot;opacity-fan&quot;,&quot;background_slideshow_loop&quot;:&quot;yes&quot;,&quot;background_slideshow_slide_duration&quot;:5000,&quot;background_slideshow_slide_transition&quot;:&quot;fade&quot;,&quot;background_slideshow_transition_duration&quot;:500}\">\n\t\t\t\t\t<div class=\"elementor-shape elementor-shape-top\" aria-hidden=\"true\" data-negative=\"false\">\n\t\t\t<svg xmlns=\"http:\/\/www.w3.org\/2000\/svg\" viewBox=\"0 0 283.5 19.6\" preserveAspectRatio=\"none\">\n\t<path class=\"elementor-shape-fill\" style=\"opacity:0.33\" d=\"M0 0L0 18.8 141.8 4.1 283.5 18.8 283.5 0z\"\/>\n\t<path class=\"elementor-shape-fill\" style=\"opacity:0.33\" d=\"M0 0L0 12.6 141.8 4 283.5 12.6 283.5 0z\"\/>\n\t<path class=\"elementor-shape-fill\" style=\"opacity:0.33\" d=\"M0 0L0 6.4 141.8 4 283.5 6.4 283.5 0z\"\/>\n\t<path class=\"elementor-shape-fill\" d=\"M0 0L0 1.2 141.8 4 283.5 1.2 283.5 0z\"\/>\n<\/svg>\t\t<\/div>\n\t\t\t\t<div class=\"elementor-shape elementor-shape-bottom\" aria-hidden=\"true\" data-negative=\"false\">\n\t\t\t<svg xmlns=\"http:\/\/www.w3.org\/2000\/svg\" viewBox=\"0 0 283.5 19.6\" preserveAspectRatio=\"none\">\n\t<path class=\"elementor-shape-fill\" style=\"opacity:0.33\" d=\"M0 0L0 18.8 141.8 4.1 283.5 18.8 283.5 0z\"\/>\n\t<path class=\"elementor-shape-fill\" style=\"opacity:0.33\" d=\"M0 0L0 12.6 141.8 4 283.5 12.6 283.5 0z\"\/>\n\t<path class=\"elementor-shape-fill\" style=\"opacity:0.33\" d=\"M0 0L0 6.4 141.8 4 283.5 6.4 283.5 0z\"\/>\n\t<path class=\"elementor-shape-fill\" d=\"M0 0L0 1.2 141.8 4 283.5 1.2 283.5 0z\"\/>\n<\/svg>\t\t<\/div>\n\t\t\t\t\t<div class=\"elementor-container elementor-column-gap-default\">\n\t\t\t\t\t<div class=\"elementor-column elementor-col-100 elementor-top-column elementor-element elementor-element-1b612b73\" data-id=\"1b612b73\" data-element_type=\"column\" data-e-type=\"column\">\n\t\t\t<div class=\"elementor-widget-wrap elementor-element-populated\">\n\t\t\t\t\t\t<div class=\"elementor-element elementor-element-424b4a70 elementor-widget-divider--view-line elementor-widget elementor-widget-divider\" data-id=\"424b4a70\" data-element_type=\"widget\" data-e-type=\"widget\" data-widget_type=\"divider.default\">\n\t\t\t\t\t\t\t<div class=\"elementor-divider\">\n\t\t\t<span class=\"elementor-divider-separator\">\n\t\t\t\t\t\t<\/span>\n\t\t<\/div>\n\t\t\t\t\t\t<\/div>\n\t\t\t\t<div class=\"elementor-element elementor-element-4235a79a elementor-widget elementor-widget-heading\" data-id=\"4235a79a\" data-element_type=\"widget\" data-e-type=\"widget\" data-widget_type=\"heading.default\">\n\t\t\t\t\t<h1 class=\"elementor-heading-title elementor-size-default\">CONTACTO<\/h1>\t\t\t\t<\/div>\n\t\t\t\t\t<\/div>\n\t\t<\/div>\n\t\t\t\t\t<\/div>\n\t\t<\/section>\n\t\t<div class=\"elementor-element elementor-element-6140258 e-flex e-con-boxed e-con e-parent\" data-id=\"6140258\" data-element_type=\"container\" data-e-type=\"container\">\n\t\t\t\t\t<div class=\"e-con-inner\">\n\t\t<div class=\"elementor-element elementor-element-08aad69 e-con-full e-flex elementor-invisible e-con e-child\" data-id=\"08aad69\" data-element_type=\"container\" data-e-type=\"container\" data-settings=\"{&quot;animation&quot;:&quot;fadeInLeft&quot;,&quot;animation_tablet&quot;:&quot;fadeInLeft&quot;,&quot;animation_mobile&quot;:&quot;fadeInLeft&quot;}\">\n\t\t\t\t<div class=\"elementor-element elementor-element-25dd97f elementor-widget elementor-widget-text-editor\" data-id=\"25dd97f\" data-element_type=\"widget\" data-e-type=\"widget\" data-widget_type=\"text-editor.default\">\n\t\t\t\t\t\t\t\t\t<div class=\"smalltitle\">Direcci\u00f3n<\/div>\t\t\t\t\t\t\t\t<\/div>\n\t\t\t\t<div class=\"elementor-element elementor-element-d145daf elementor-widget elementor-widget-heading\" data-id=\"d145daf\" data-element_type=\"widget\" data-e-type=\"widget\" data-widget_type=\"heading.default\">\n\t\t\t\t\t<h5 class=\"elementor-heading-title elementor-size-default\">CALLE ANGEL DE VILLENA N\u00b034, 46013, VALENCIA<\/h5>\t\t\t\t<\/div>\n\t\t\t\t<\/div>\n\t\t<div class=\"elementor-element elementor-element-d113f64 e-con-full e-flex elementor-invisible e-con e-child\" data-id=\"d113f64\" data-element_type=\"container\" data-e-type=\"container\" data-settings=\"{&quot;animation&quot;:&quot;fadeIn&quot;}\">\n\t\t\t\t<div class=\"elementor-element elementor-element-0ac0b2b elementor-widget elementor-widget-text-editor\" data-id=\"0ac0b2b\" data-element_type=\"widget\" data-e-type=\"widget\" data-widget_type=\"text-editor.default\">\n\t\t\t\t\t\t\t\t\t<div class=\"smalltitle\">Tel\u00e9fono\u00a0<\/div>\t\t\t\t\t\t\t\t<\/div>\n\t\t\t\t<div class=\"elementor-element elementor-element-e489102 elementor-position-inline-start elementor-view-default elementor-mobile-position-block-start elementor-widget elementor-widget-icon-box\" data-id=\"e489102\" data-element_type=\"widget\" data-e-type=\"widget\" data-widget_type=\"icon-box.default\">\n\t\t\t\t\t\t\t<div class=\"elementor-icon-box-wrapper\">\n\n\t\t\t\t\t\t<div class=\"elementor-icon-box-icon\">\n\t\t\t\t<span  class=\"elementor-icon\">\n\t\t\t\t<i aria-hidden=\"true\" class=\"icon icon-whatsapp-1\"><\/i>\t\t\t\t<\/span>\n\t\t\t<\/div>\n\t\t\t\n\t\t\t\t\t\t<div class=\"elementor-icon-box-content\">\n\n\t\t\t\t\t\t\t\t\t<h3 class=\"elementor-icon-box-title\">\n\t\t\t\t\t\t<span  >\n\t\t\t\t\t\t\t623-161-034\t\t\t\t\t\t<\/span>\n\t\t\t\t\t<\/h3>\n\t\t\t\t\n\t\t\t\t\n\t\t\t<\/div>\n\t\t\t\n\t\t<\/div>\n\t\t\t\t\t\t<\/div>\n\t\t\t\t<\/div>\n\t\t<div class=\"elementor-element elementor-element-0f84f45 e-con-full e-flex elementor-invisible e-con e-child\" data-id=\"0f84f45\" data-element_type=\"container\" data-e-type=\"container\" data-settings=\"{&quot;animation&quot;:&quot;fadeInRight&quot;}\">\n\t\t\t\t<div class=\"elementor-element elementor-element-7673748 elementor-widget elementor-widget-text-editor\" data-id=\"7673748\" data-element_type=\"widget\" data-e-type=\"widget\" data-widget_type=\"text-editor.default\">\n\t\t\t\t\t\t\t\t\t<div class=\"smalltitle\">Opening Hours<\/div>\t\t\t\t\t\t\t\t<\/div>\n\t\t\t\t<div class=\"elementor-element elementor-element-3ef74ac elementor-widget elementor-widget-heading\" data-id=\"3ef74ac\" data-element_type=\"widget\" data-e-type=\"widget\" data-widget_type=\"heading.default\">\n\t\t\t\t\t<h5 class=\"elementor-heading-title elementor-size-default\">Lunes, Martes y Mi\u00e9rcoles: 17:30h - 23:30h <br>Jueves: 18:00h - 00:00h <br>\nViernes: 9:30h - 00:30h<br>S\u00e1bado: 9:00h - 00:30h <br> Domingo: 9:00h - 23:30h<\/h5>\t\t\t\t<\/div>\n\t\t\t\t<\/div>\n\t\t\t\t\t<\/div>\n\t\t\t\t<\/div>\n\t\t<div class=\"elementor-element elementor-element-176064b e-flex e-con-boxed e-con e-parent\" data-id=\"176064b\" data-element_type=\"container\" data-e-type=\"container\">\n\t\t\t\t\t<div class=\"e-con-inner\">\n\t\t<div class=\"elementor-element elementor-element-edc8871 e-con-full e-flex e-con e-child\" data-id=\"edc8871\" data-element_type=\"container\" data-e-type=\"container\">\n\t\t\t\t<div class=\"elementor-element elementor-element-f8f71ed elementor-widget elementor-widget-heading\" data-id=\"f8f71ed\" data-element_type=\"widget\" data-e-type=\"widget\" data-widget_type=\"heading.default\">\n\t\t\t\t\t<h2 class=\"elementor-heading-title elementor-size-default\">\nVen a descubrirnos en el coraz\u00f3n de Valencia<\/h2>\t\t\t\t<\/div>\n\t\t\t\t<div class=\"elementor-element elementor-element-11fd15b elementor-widget elementor-widget-text-editor\" data-id=\"11fd15b\" data-element_type=\"widget\" data-e-type=\"widget\" data-widget_type=\"text-editor.default\">\n\t\t\t\t\t\t\t\t\t<p>Vis\u00edtanos en <strong data-start=\"225\" data-end=\"266\">Calle \u00c1ngel de Villena n\u00ba34, Valencia<\/strong> y disfruta de la experiencia \u00fanica de <strong data-start=\"305\" data-end=\"325\" data-is-only-node=\"\">LEGADO GASTROBAR<\/strong>.<br data-start=\"326\" data-end=\"329\" \/>Reserva tu mesa y d\u00e9jate sorprender por nuestra cocina.<\/p>\t\t\t\t\t\t\t\t<\/div>\n\t\t\t\t<div class=\"elementor-element elementor-element-9874823 elementor-widget elementor-widget-google_maps\" data-id=\"9874823\" data-element_type=\"widget\" data-e-type=\"widget\" data-widget_type=\"google_maps.default\">\n\t\t\t\t\t\t\t<div class=\"elementor-custom-embed\">\n\t\t\t<iframe loading=\"lazy\"\n\t\t\t\t\tsrc=\"https:\/\/maps.google.com\/maps?q=CALLE%20ANGEL%20DE%20VILLENA%20N%C2%B034%2C%2046013%2C%20VALENCIA&#038;t=m&#038;z=14&#038;output=embed&#038;iwloc=near\"\n\t\t\t\t\ttitle=\"CALLE ANGEL DE VILLENA N\u00b034, 46013, VALENCIA\"\n\t\t\t\t\taria-label=\"CALLE ANGEL DE VILLENA N\u00b034, 46013, VALENCIA\"\n\t\t\t><\/iframe>\n\t\t<\/div>\n\t\t\t\t\t\t<\/div>\n\t\t\t\t<\/div>\n\t\t<div class=\"elementor-element elementor-element-2cd935a e-con-full e-flex e-con e-child\" data-id=\"2cd935a\" data-element_type=\"container\" data-e-type=\"container\">\n\t\t\t\t<div class=\"elementor-element elementor-element-b73c7cf elementor-widget elementor-widget-text-editor\" data-id=\"b73c7cf\" data-element_type=\"widget\" data-e-type=\"widget\" data-widget_type=\"text-editor.default\">\n\t\t\t\t\t\t\t\t\t<p>En <strong data-start=\"193\" data-end=\"213\">LEGADO GASTROBAR<\/strong> te esperamos con una experiencia culinaria \u00fanica, donde tradici\u00f3n y creatividad se encuentran en cada plato.<br data-start=\"322\" data-end=\"325\" data-is-only-node=\"\" \/>Nos encontrar\u00e1s en <strong data-start=\"344\" data-end=\"392\">Calle \u00c1ngel de Villena n\u00ba34, 46013, Valencia<\/strong>, un rinc\u00f3n acogedor perfecto para disfrutar entre amigos, en pareja o en familia.<br data-start=\"474\" data-end=\"477\" \/>D\u00e9jate llevar por los aromas, los sabores y el ambiente que hemos preparado para ti.<br data-start=\"561\" data-end=\"564\" \/>Tu mesa est\u00e1 lista para que vivas momentos inolvidables.<br data-start=\"620\" data-end=\"623\" \/>\u00a1Haz tu reserva y empieza a escribir tu propio legado gastron\u00f3mico con nosotros!<\/p>\t\t\t\t\t\t\t\t<\/div>\n\t\t\t\t<div class=\"elementor-element elementor-element-a6ab016 elementor-widget-divider--separator-type-pattern elementor-widget-divider--no-spacing elementor-widget-divider--view-line elementor-widget elementor-widget-divider\" data-id=\"a6ab016\" data-element_type=\"widget\" data-e-type=\"widget\" data-widget_type=\"divider.default\">\n\t\t\t\t\t\t\t<div class=\"elementor-divider\" style=\"--divider-pattern-url: url(&quot;data:image\/svg+xml,%3Csvg xmlns=&#039;http:\/\/www.w3.org\/2000\/svg&#039; preserveAspectRatio=&#039;xMidYMid meet&#039; overflow=&#039;visible&#039; height=&#039;100%&#039; viewBox=&#039;0 0 126 26&#039; fill=&#039;black&#039; stroke=&#039;none&#039;%3E%3Cpath d=&#039;M3,10.2c2.6,0,2.6,2,2.6,3.2S4.4,16.5,3,16.5s-3-1.4-3-3.2S0.4,10.2,3,10.2z M18.8,10.2c1.7,0,3.2,1.4,3.2,3.2s-1.4,3.2-3.2,3.2c-1.7,0-3.2-1.4-3.2-3.2S17,10.2,18.8,10.2z M34.6,10.2c1.5,0,2.6,1.4,2.6,3.2s-0.5,3.2-1.9,3.2c-1.5,0-3.4-1.4-3.4-3.2S33.1,10.2,34.6,10.2z M50.5,10.2c1.7,0,3.2,1.4,3.2,3.2s-1.4,3.2-3.2,3.2c-1.7,0-3.3-0.9-3.3-2.6S48.7,10.2,50.5,10.2z M66.2,10.2c1.5,0,3.4,1.4,3.4,3.2s-1.9,3.2-3.4,3.2c-1.5,0-2.6-0.4-2.6-2.1S64.8,10.2,66.2,10.2z M82.2,10.2c1.7,0.8,2.6,1.4,2.6,3.2s-0.1,3.2-1.6,3.2c-1.5,0-3.7-1.4-3.7-3.2S80.5,9.4,82.2,10.2zM98.6,10.2c1.5,0,2.6,0.4,2.6,2.1s-1.2,4.2-2.6,4.2c-1.5,0-3.7-0.4-3.7-2.1S97.1,10.2,98.6,10.2z M113.4,10.2c1.2,0,2.2,0.9,2.2,3.2s-0.1,3.2-1.3,3.2s-3.1-1.4-3.1-3.2S112.2,10.2,113.4,10.2z&#039;\/%3E%3C\/svg%3E&quot;);\">\n\t\t\t<span class=\"elementor-divider-separator\">\n\t\t\t\t\t\t<\/span>\n\t\t<\/div>\n\t\t\t\t\t\t<\/div>\n\t\t\t\t<div class=\"elementor-element elementor-element-d7b899d elementor-widget elementor-widget-image\" data-id=\"d7b899d\" data-element_type=\"widget\" data-e-type=\"widget\" data-widget_type=\"image.default\">\n\t\t\t\t\t\t\t\t\t\t\t\t\t\t\t<img decoding=\"async\" width=\"150\" height=\"150\" src=\"https:\/\/legadogastrobar.es\/wp-content\/uploads\/2025\/08\/LOGO-PRINCIPAL-CMYK_3-150x150.png\" class=\"attachment-thumbnail size-thumbnail wp-image-4931\" alt=\"\" srcset=\"https:\/\/legadogastrobar.es\/wp-content\/uploads\/2025\/08\/LOGO-PRINCIPAL-CMYK_3-150x150.png 150w, https:\/\/legadogastrobar.es\/wp-content\/uploads\/2025\/08\/LOGO-PRINCIPAL-CMYK_3-300x300.png 300w, https:\/\/legadogastrobar.es\/wp-content\/uploads\/2025\/08\/LOGO-PRINCIPAL-CMYK_3-768x769.png 768w, https:\/\/legadogastrobar.es\/wp-content\/uploads\/2025\/08\/LOGO-PRINCIPAL-CMYK_3-800x801.png 800w, https:\/\/legadogastrobar.es\/wp-content\/uploads\/2025\/08\/LOGO-PRINCIPAL-CMYK_3.png 1000w\" sizes=\"(max-width: 150px) 100vw, 150px\" \/>\t\t\t\t\t\t\t\t\t\t\t\t\t\t\t<\/div>\n\t\t\t\t<\/div>\n\t\t\t\t\t<\/div>\n\t\t\t\t<\/div>\n\t\t<div class=\"elementor-element elementor-element-ae919c6 e-flex e-con-boxed e-con e-parent\" data-id=\"ae919c6\" data-element_type=\"container\" data-e-type=\"container\">\n\t\t\t\t\t<div class=\"e-con-inner\">\n\t\t<div class=\"elementor-element elementor-element-fa2a2fb e-con-full e-flex elementor-invisible e-con e-child\" data-id=\"fa2a2fb\" data-element_type=\"container\" data-e-type=\"container\" data-settings=\"{&quot;animation&quot;:&quot;fadeInLeft&quot;}\">\n\t\t\t\t<\/div>\n\t\t\t\t\t<\/div>\n\t\t\t\t<\/div>\n\t\t\t\t<\/div>\n\t\t","protected":false},"excerpt":{"rendered":"<p>CONTACTO Direcci\u00f3n CALLE ANGEL DE VILLENA N\u00b034, 46013, VALENCIA Tel\u00e9fono\u00a0 623-161-034 Opening Hours Lunes, Martes y Mi\u00e9rcoles: 17:30h &#8211; 23:30h Jueves: 18:00h &#8211; 00:00h Viernes: 9:30h &#8211; 00:30hS\u00e1bado: 9:00h &#8211; 00:30h Domingo: 9:00h &#8211; 23:30h Ven a descubrirnos en el coraz\u00f3n de Valencia Vis\u00edtanos en Calle \u00c1ngel de Villena n\u00ba34, Valencia y disfruta de la experiencia \u00fanica de LEGADO GASTROBAR.Reserva&#8230;<\/p>\n","protected":false},"author":1,"featured_media":4248,"parent":0,"menu_order":0,"comment_status":"closed","ping_status":"closed","template":"elementor_header_footer","meta":{"_monsterinsights_skip_tracking":false,"_monsterinsights_sitenote_active":false,"_monsterinsights_sitenote_note":"","_monsterinsights_sitenote_category":0,"footnotes":""},"class_list":["post-3482","page","type-page","status-publish","has-post-thumbnail","hentry"],"aioseo_notices":[],"_links":{"self":[{"href":"https:\/\/legadogastrobar.es\/index.php?rest_route=\/wp\/v2\/pages\/3482","targetHints":{"allow":["GET"]}}],"collection":[{"href":"https:\/\/legadogastrobar.es\/index.php?rest_route=\/wp\/v2\/pages"}],"about":[{"href":"https:\/\/legadogastrobar.es\/index.php?rest_route=\/wp\/v2\/types\/page"}],"author":[{"embeddable":true,"href":"https:\/\/legadogastrobar.es\/index.php?rest_route=\/wp\/v2\/users\/1"}],"replies":[{"embeddable":true,"href":"https:\/\/legadogastrobar.es\/index.php?rest_route=%2Fwp%2Fv2%2Fcomments&post=3482"}],"version-history":[{"count":40,"href":"https:\/\/legadogastrobar.es\/index.php?rest_route=\/wp\/v2\/pages\/3482\/revisions"}],"predecessor-version":[{"id":5532,"href":"https:\/\/legadogastrobar.es\/index.php?rest_route=\/wp\/v2\/pages\/3482\/revisions\/5532"}],"wp:featuredmedia":[{"embeddable":true,"href":"https:\/\/legadogastrobar.es\/index.php?rest_route=\/wp\/v2\/media\/4248"}],"wp:attachment":[{"href":"https:\/\/legadogastrobar.es\/index.php?rest_route=%2Fwp%2Fv2%2Fmedia&parent=3482"}],"curies":[{"name":"wp","href":"https:\/\/api.w.org\/{rel}","templated":true}]}}