{"id":3,"date":"2025-08-15T10:16:07","date_gmt":"2025-08-15T10:16:07","guid":{"rendered":"https:\/\/legadogastrobar.es\/?page_id=3"},"modified":"2025-11-27T11:39:52","modified_gmt":"2025-11-27T11:39:52","slug":"politica-de-privacidad","status":"publish","type":"page","link":"https:\/\/legadogastrobar.es\/?page_id=3","title":{"rendered":"Pol\u00edtica de Privacidad"},"content":{"rendered":"\t\t<div data-elementor-type=\"wp-page\" data-elementor-id=\"3\" class=\"elementor elementor-3\">\n\t\t\t\t\t\t<section class=\"elementor-section elementor-top-section elementor-element elementor-element-1634bec3 elementor-section-content-middle elementor-section-boxed elementor-section-height-default elementor-section-height-default\" data-id=\"1634bec3\" data-element_type=\"section\" data-e-type=\"section\" data-settings=\"{&quot;background_background&quot;:&quot;slideshow&quot;,&quot;background_slideshow_gallery&quot;:[{&quot;id&quot;:4645,&quot;url&quot;:&quot;https:\\\/\\\/legadogastrobar.es\\\/wp-content\\\/uploads\\\/2025\\\/08\\\/PATRON-VERDE-RGB_1-scaled.png&quot;}],&quot;shape_divider_top&quot;:&quot;opacity-fan&quot;,&quot;shape_divider_bottom&quot;:&quot;opacity-fan&quot;,&quot;background_slideshow_loop&quot;:&quot;yes&quot;,&quot;background_slideshow_slide_duration&quot;:5000,&quot;background_slideshow_slide_transition&quot;:&quot;fade&quot;,&quot;background_slideshow_transition_duration&quot;:500}\">\n\t\t\t\t\t<div class=\"elementor-shape elementor-shape-top\" aria-hidden=\"true\" data-negative=\"false\">\n\t\t\t<svg xmlns=\"http:\/\/www.w3.org\/2000\/svg\" viewBox=\"0 0 283.5 19.6\" preserveAspectRatio=\"none\">\n\t<path class=\"elementor-shape-fill\" style=\"opacity:0.33\" d=\"M0 0L0 18.8 141.8 4.1 283.5 18.8 283.5 0z\"\/>\n\t<path class=\"elementor-shape-fill\" style=\"opacity:0.33\" d=\"M0 0L0 12.6 141.8 4 283.5 12.6 283.5 0z\"\/>\n\t<path class=\"elementor-shape-fill\" style=\"opacity:0.33\" d=\"M0 0L0 6.4 141.8 4 283.5 6.4 283.5 0z\"\/>\n\t<path class=\"elementor-shape-fill\" d=\"M0 0L0 1.2 141.8 4 283.5 1.2 283.5 0z\"\/>\n<\/svg>\t\t<\/div>\n\t\t\t\t<div class=\"elementor-shape elementor-shape-bottom\" aria-hidden=\"true\" data-negative=\"false\">\n\t\t\t<svg xmlns=\"http:\/\/www.w3.org\/2000\/svg\" viewBox=\"0 0 283.5 19.6\" preserveAspectRatio=\"none\">\n\t<path class=\"elementor-shape-fill\" style=\"opacity:0.33\" d=\"M0 0L0 18.8 141.8 4.1 283.5 18.8 283.5 0z\"\/>\n\t<path class=\"elementor-shape-fill\" style=\"opacity:0.33\" d=\"M0 0L0 12.6 141.8 4 283.5 12.6 283.5 0z\"\/>\n\t<path class=\"elementor-shape-fill\" style=\"opacity:0.33\" d=\"M0 0L0 6.4 141.8 4 283.5 6.4 283.5 0z\"\/>\n\t<path class=\"elementor-shape-fill\" d=\"M0 0L0 1.2 141.8 4 283.5 1.2 283.5 0z\"\/>\n<\/svg>\t\t<\/div>\n\t\t\t\t\t<div class=\"elementor-container elementor-column-gap-default\">\n\t\t\t\t\t<div class=\"elementor-column elementor-col-100 elementor-top-column elementor-element elementor-element-315c5251\" data-id=\"315c5251\" data-element_type=\"column\" data-e-type=\"column\">\n\t\t\t<div class=\"elementor-widget-wrap elementor-element-populated\">\n\t\t\t\t\t\t<div class=\"elementor-element elementor-element-65e7f2f8 elementor-widget-divider--view-line elementor-widget elementor-widget-divider\" data-id=\"65e7f2f8\" data-element_type=\"widget\" data-e-type=\"widget\" data-widget_type=\"divider.default\">\n\t\t\t\t\t\t\t<div class=\"elementor-divider\">\n\t\t\t<span class=\"elementor-divider-separator\">\n\t\t\t\t\t\t<\/span>\n\t\t<\/div>\n\t\t\t\t\t\t<\/div>\n\t\t\t\t<div class=\"elementor-element elementor-element-1b3e0ca0 elementor-widget elementor-widget-heading\" data-id=\"1b3e0ca0\" data-element_type=\"widget\" data-e-type=\"widget\" data-widget_type=\"heading.default\">\n\t\t\t\t\t<h1 class=\"elementor-heading-title elementor-size-default\">POL\u00b4\u00b4ITICA DE PRIVACIDAD<\/h1>\t\t\t\t<\/div>\n\t\t\t\t\t<\/div>\n\t\t<\/div>\n\t\t\t\t\t<\/div>\n\t\t<\/section>\n\t\t<div class=\"elementor-element elementor-element-313bceb4 e-flex e-con-boxed e-con e-parent\" data-id=\"313bceb4\" data-element_type=\"container\" data-e-type=\"container\">\n\t\t\t\t\t<div class=\"e-con-inner\">\n\t\t\t\t<div class=\"elementor-element elementor-element-411f9f79 elementor-widget elementor-widget-text-editor\" data-id=\"411f9f79\" data-element_type=\"widget\" data-e-type=\"widget\" data-widget_type=\"text-editor.default\">\n\t\t\t\t\t\t\t\t\t<p data-start=\"4607\" data-end=\"4807\">En AJGASTROVAL S.L. la protecci\u00f3n de los datos personales de quienes conf\u00edan en nosotros es prioritaria. A continuaci\u00f3n, te informamos sobre c\u00f3mo recabamos, tratamos y protegemos tus datos personales.<\/p>\n<h3 data-start=\"4812\" data-end=\"4843\">Responsable del tratamiento<\/h3>\n<p data-start=\"4846\" data-end=\"5013\"><strong data-start=\"4846\" data-end=\"4866\">AJGASTROVAL S.L.<\/strong><br data-start=\"4866\" data-end=\"4869\" \/><strong data-start=\"4871\" data-end=\"4879\">CIF:<\/strong> B-22761225<br data-start=\"4890\" data-end=\"4893\" \/><strong data-start=\"4895\" data-end=\"4909\">Direcci\u00f3n:<\/strong> Carrer d&#8217;\u00c1ngel Villena n\u00ba 34 bajo, 46014 Valencia<br data-start=\"4959\" data-end=\"4962\" \/><strong data-start=\"4964\" data-end=\"4987\">Correo electr\u00f3nico:<\/strong> <a class=\"decorated-link cursor-pointer\" rel=\"noopener\" data-start=\"4988\" data-end=\"5013\">legadogastrobar@gmail.com<\/a><\/p>\n<h3 data-start=\"5018\" data-end=\"5047\">Finalidad del tratamiento<\/h3>\n<p data-start=\"5050\" data-end=\"5189\">Gestionar tu consulta o solicitud, dar respuesta y, en su caso, mantener comunicaciones informativas, siempre con tu consentimiento previo.<\/p>\n<h3 data-start=\"5194\" data-end=\"5211\">Base jur\u00eddica<\/h3>\n<p data-start=\"5214\" data-end=\"5242\">Tu consentimiento informado.<\/p>\n<h3 data-start=\"5247\" data-end=\"5264\">Destinatarios<\/h3>\n<p data-start=\"5267\" data-end=\"5357\">No se ceder\u00e1n datos a terceros salvo obligaci\u00f3n legal o para poder responder tu solicitud.<\/p>\n<h3 data-start=\"5362\" data-end=\"5386\">Derechos del usuario<\/h3>\n<p data-start=\"5389\" data-end=\"5688\">Puedes ejercer tus derechos de acceso, rectificaci\u00f3n, supresi\u00f3n, oposici\u00f3n, limitaci\u00f3n del tratamiento y portabilidad escribiendo a <a class=\"decorated-link cursor-pointer\" rel=\"noopener\" data-start=\"5521\" data-end=\"5546\">legadogastrobar@gmail.com<\/a> o a la direcci\u00f3n postal indicada.<br data-start=\"5580\" data-end=\"5583\" \/>Tambi\u00e9n puedes presentar una reclamaci\u00f3n ante la Agencia Espa\u00f1ola de Protecci\u00f3n de Datos (<a class=\"decorated-link\" href=\"http:\/\/www.aepd.es\" target=\"_new\" rel=\"noopener\" data-start=\"5675\" data-end=\"5686\">www.aepd.es<\/a>).<\/p>\n<h3 data-start=\"5693\" data-end=\"5706\">Seguridad<\/h3>\n<p data-start=\"5709\" data-end=\"5786\">Adoptamos medidas t\u00e9cnicas y organizativas adecuadas para proteger tus datos.<\/p>\n<h3 data-start=\"5791\" data-end=\"5820\">Conservaci\u00f3n de los datos<\/h3>\n<p data-start=\"5823\" data-end=\"5981\">Los datos ser\u00e1n conservados durante el tiempo necesario para cumplir la finalidad para la que fueron recabados y mientras el titular no solicite su supresi\u00f3n.<\/p>\n<h3 data-start=\"5986\" data-end=\"6007\">Datos compartidos<\/h3>\n<p data-start=\"6010\" data-end=\"6089\">No se prev\u00e9n transferencias internacionales ni cesiones salvo obligaci\u00f3n legal.<\/p>\n<h3 data-start=\"6094\" data-end=\"6134\">Cambios en la pol\u00edtica de privacidad<\/h3>\n<p data-start=\"6137\" data-end=\"6286\">Nos reservamos el derecho a modificar esta pol\u00edtica para adaptarla a novedades legislativas o jurisprudenciales<\/p>\t\t\t\t\t\t\t\t<\/div>\n\t\t\t\t\t<\/div>\n\t\t\t\t<\/div>\n\t\t\t\t<\/div>\n\t\t","protected":false},"excerpt":{"rendered":"<p>POL\u00b4\u00b4ITICA DE PRIVACIDAD En AJGASTROVAL S.L. la protecci\u00f3n de los datos personales de quienes conf\u00edan en nosotros es prioritaria. A continuaci\u00f3n, te informamos sobre c\u00f3mo recabamos, tratamos y protegemos tus datos personales. Responsable del tratamiento AJGASTROVAL S.L.CIF: B-22761225Direcci\u00f3n: Carrer d&#8217;\u00c1ngel Villena n\u00ba 34 bajo, 46014 ValenciaCorreo electr\u00f3nico: legadogastrobar@gmail.com Finalidad del tratamiento Gestionar tu consulta o solicitud, dar respuesta y, en&#8230;<\/p>\n","protected":false},"author":1,"featured_media":0,"parent":0,"menu_order":0,"comment_status":"closed","ping_status":"closed","template":"elementor_header_footer","meta":{"_monsterinsights_skip_tracking":false,"_monsterinsights_sitenote_active":false,"_monsterinsights_sitenote_note":"","_monsterinsights_sitenote_category":0,"footnotes":""},"class_list":["post-3","page","type-page","status-publish","hentry"],"aioseo_notices":[],"_links":{"self":[{"href":"https:\/\/legadogastrobar.es\/index.php?rest_route=\/wp\/v2\/pages\/3","targetHints":{"allow":["GET"]}}],"collection":[{"href":"https:\/\/legadogastrobar.es\/index.php?rest_route=\/wp\/v2\/pages"}],"about":[{"href":"https:\/\/legadogastrobar.es\/index.php?rest_route=\/wp\/v2\/types\/page"}],"author":[{"embeddable":true,"href":"https:\/\/legadogastrobar.es\/index.php?rest_route=\/wp\/v2\/users\/1"}],"replies":[{"embeddable":true,"href":"https:\/\/legadogastrobar.es\/index.php?rest_route=%2Fwp%2Fv2%2Fcomments&post=3"}],"version-history":[{"count":9,"href":"https:\/\/legadogastrobar.es\/index.php?rest_route=\/wp\/v2\/pages\/3\/revisions"}],"predecessor-version":[{"id":5451,"href":"https:\/\/legadogastrobar.es\/index.php?rest_route=\/wp\/v2\/pages\/3\/revisions\/5451"}],"wp:attachment":[{"href":"https:\/\/legadogastrobar.es\/index.php?rest_route=%2Fwp%2Fv2%2Fmedia&parent=3"}],"curies":[{"name":"wp","href":"https:\/\/api.w.org\/{rel}","templated":true}]}}